{"id":1313,"date":"2016-09-06T14:54:10","date_gmt":"2016-09-06T14:54:10","guid":{"rendered":"http:\/\/www.estrad.fi\/barnensestrad\/?page_id=1313"},"modified":"2026-04-14T12:52:07","modified_gmt":"2026-04-14T09:52:07","slug":"startsida","status":"publish","type":"page","link":"https:\/\/www.estrad.fi\/barnensestrad\/","title":{"rendered":"STARTSIDA"},"content":{"rendered":"<p style=\"font-size:25px\" class=\" eplus-wrapper eplus-styles-uid-794c04\">Teater Barnens Estrad skapar, producerar och genomf\u00f6r teaterf\u00f6rest\u00e4llningar och turn\u00e9er som riktar till barn och barnfamiljer.<br>Genom v\u00e5ra dryga 300 f\u00f6rest\u00e4llningar per \u00e5r \u00e4r vi en betydande akt\u00f6r som st\u00f6der barns v\u00e4lbefinnande och kulturella utveckling. <br>Kvalitet, barnperspektiv, lekfullhet och j\u00e4mlikhet \u00e4r v\u00e5ra ledord.<br>Vi \u00e4r den enda finlandssvenska professionella teatern som jobbar \u00e5ret runt, <br>ocks\u00e5 v\u00e5r sommarturn\u00e9 \u00e4r en viktig och mycket uppskattad del av v\u00e5r breda verksamhet.<\/p>\n\n<p style=\"font-size:25px\" class=\" eplus-wrapper eplus-styles-uid-794c04\">Teatteri Lasten Estradi tuottaa sek\u00e4 toteuttaa teatteriesityksi\u00e4, kiertueita sek\u00e4 muita lapsille ja lapsiperheille suunnattuja tapahtumia. Olemme sit\u00e4 mielt\u00e4 ett\u00e4 lastenkulttuuri on kulttuureista t\u00e4rkein \u2013 ja lapset taas ovat kaikkein t\u00e4rkeimpi\u00e4! Ota mielell\u00e4\u00e4n yhteytt\u00e4 olkoon tapahtuma pieni tai suuri!<\/p>\n\n\n<p class=\" has-svart-color has-gron-3-background-color has-text-color has-background eplus-wrapper\"><br>Tack f\u00f6r ett roligt och intensivt 2025: 367 f\u00f6rest\u00e4llningar inf\u00f6r en publik p\u00e5 \u00f6ver 39000 personer!<br>I \u00e5r startade turn\u00e9erna i mitten av januari, och \u00e5rets f\u00f6rsta premi\u00e4r var <em>N\u00e4r Findus var liten och f\u00f6rsvann<\/em>.<br>Den har f\u00e5tt ett fantastiskt mottagande och turn\u00e9rar ocks\u00e5 h\u00f6sten -26 och v\u00e5ren -27. <br>H\u00f6r av er f\u00f6r att boka den eller n\u00e5gon av v\u00e5ra andra finfina f\u00f6rest\u00e4llningar!<br>Sommarturn\u00e9n bokas ocks\u00e5 som b\u00e4st, liksom n\u00e4sta julturn\u00e9!<br>Vi ser fram emot att underh\u00e5lla, inspirera och roa v\u00e5r publik igen! Vi ses!<\/p>\n","protected":false},"excerpt":{"rendered":"<p>Teater Barnens Estrad skapar, producerar och genomf\u00f6r teaterf\u00f6rest\u00e4llningar och turn\u00e9er som riktar till barn och barnfamiljer.Genom v\u00e5ra dryga 300 f\u00f6rest\u00e4llningar per \u00e5r \u00e4r vi en betydande akt\u00f6r som st\u00f6der barns &hellip; <a href=\"https:\/\/www.estrad.fi\/barnensestrad\/\" class=\"more-link\">Forts\u00e4tt l\u00e4sa<span class=\"screen-reader-text\"> &#8221;STARTSIDA&#8221;<\/span><\/a><\/p>\n","protected":false},"author":3,"featured_media":0,"parent":0,"menu_order":0,"comment_status":"closed","ping_status":"closed","template":"page-start.php","meta":{"editor_plus_copied_stylings":"{}","_price":"","_stock":"","_tribe_ticket_header":"","_tribe_default_ticket_provider":"","_tribe_ticket_capacity":"0","_ticket_start_date":"","_ticket_end_date":"","_tribe_ticket_show_description":"","_tribe_ticket_show_not_going":false,"_tribe_ticket_use_global_stock":"","_tribe_ticket_global_stock_level":"","_global_stock_mode":"","_global_stock_cap":"","_tribe_rsvp_for_event":"","_tribe_ticket_going_count":"","_tribe_ticket_not_going_count":"","_tribe_tickets_list":"[]","_tribe_ticket_has_attendee_info_fields":false,"footnotes":"","_tec_slr_enabled":"","_tec_slr_layout":""},"class_list":["post-1313","page","type-page","status-publish","hentry"],"ticketed":false,"_links":{"self":[{"href":"https:\/\/www.estrad.fi\/barnensestrad\/wp-json\/wp\/v2\/pages\/1313","targetHints":{"allow":["GET"]}}],"collection":[{"href":"https:\/\/www.estrad.fi\/barnensestrad\/wp-json\/wp\/v2\/pages"}],"about":[{"href":"https:\/\/www.estrad.fi\/barnensestrad\/wp-json\/wp\/v2\/types\/page"}],"author":[{"embeddable":true,"href":"https:\/\/www.estrad.fi\/barnensestrad\/wp-json\/wp\/v2\/users\/3"}],"replies":[{"embeddable":true,"href":"https:\/\/www.estrad.fi\/barnensestrad\/wp-json\/wp\/v2\/comments?post=1313"}],"version-history":[{"count":90,"href":"https:\/\/www.estrad.fi\/barnensestrad\/wp-json\/wp\/v2\/pages\/1313\/revisions"}],"predecessor-version":[{"id":17074,"href":"https:\/\/www.estrad.fi\/barnensestrad\/wp-json\/wp\/v2\/pages\/1313\/revisions\/17074"}],"wp:attachment":[{"href":"https:\/\/www.estrad.fi\/barnensestrad\/wp-json\/wp\/v2\/media?parent=1313"}],"curies":[{"name":"wp","href":"https:\/\/api.w.org\/{rel}","templated":true}]}}