{"id":159,"date":"2007-01-01T08:10:39","date_gmt":"2007-01-01T06:10:39","guid":{"rendered":"http:\/\/kund.skargardsreklam.fi\/estrad\/barnensestrad\/?page_id=159"},"modified":"2023-10-11T11:02:12","modified_gmt":"2023-10-11T08:02:12","slug":"2007-2","status":"publish","type":"page","link":"https:\/\/www.estrad.fi\/barnensestrad\/om-barnens-estrad\/2007-2\/","title":{"rendered":"2007"},"content":{"rendered":"<p><strong>S\u00e5ngSkoj med Apan Anders &amp; Apan Anders &#8211; S\u00e5ng &amp; H\u00e5llig\u00e5ng<\/strong><br \/>\nArtister:<br \/>\nApan Anders konsert f\u00f6r 1-8-\u00e5riga barn.<br \/>\nF\u00f6rest\u00e4llningar\/publik:<br \/>\nApan Anders konsert, hittills \u00f6ver 1650 konserter och turn\u00e9n forts\u00e4tter.<br \/>\nApan Anders sidor hittas <a title=\"Apan Anders\" href=\"http:\/\/www.andersgronroos.com\/apananders\/\" target=\"_blank\" rel=\"noopener\">h\u00e4r<\/a>.<\/p>\n<hr \/>\n<p><strong>Visor, Ballader och lite Blues<\/strong><br \/>\nArtister: Anders Gr\u00f6nroos och gitarristen Anders \u00d6stling<br \/>\nF\u00f6rest\u00e4llningar\/publik:<br \/>\n30 konserter under v\u00e5ren 2007 inf\u00f6r en publik p\u00e5 c. 4500 personer.<\/p>\n<hr \/>\n<p><strong>Den \u00c5bol\u00e4ndska Estraden<\/strong><br \/>\nArtister:<br \/>\nEvenemangsserie, p\u00e5 \u00c5bo Svenska Teater och ute i \u00c5boland.<br \/>\nF\u00f6rest\u00e4llningar\/publik:<br \/>\nKonserter och f\u00f6rest\u00e4llningar med Susanne Alfengren, Eva Pohto, Samppe Karlsson, Stefan Sundstr\u00f6m, Anders Gr\u00f6nroos &amp; Anders \u00d6stling, Birgitta Ulfsson &amp; Lowe Pettersson, Nilla Hansson med Christer Carlberg &amp; Pal Johnson, Jack Vreeswijk &amp; Love Tholin, Dan F\u00e4gerquist, Teater Pargasb\u00f6rnen, Anders Helenius, Anders \u00d6stling Quartet + sex konserter i sk\u00e4rg\u00e5rden med Susanne Sonntag.<\/p>\n<hr \/>\n<p><strong>Povel \u00e1 la carte<\/strong><br \/>\nArtister: Povel Ramel med Stephan Lundin och tremanna orkester.<br \/>\nF\u00f6rest\u00e4llningar\/publik:<br \/>\n24.2.2007 i Vasa stadshus och 25.2007 i Runebergssalen i Jakobstad. Publik c. 450 per f\u00f6rest\u00e4llning.<\/p>\n<hr \/>\n<p><strong>Kom m\u00e9 &#8211; lauluja kahdella kielell\u00e4<\/strong><br \/>\nArtister:<br \/>\nAnders &#8221;Apan Anders&#8221; Gr\u00f6nroos och Kaj Harju<br \/>\nF\u00f6rest\u00e4llningar\/publik:<br \/>\nUnder spel\u00e5ret 2001-2002 spelades &#8221;Kom m\u00e9&#8221; \u00f6ver 40 g\u00e5nger i \u00c5bo och i Helsingfors, h\u00f6sten 2006 gjordes 20 f\u00f6rest\u00e4llningar och v\u00e5ren 2007 gjordes 14 f\u00f6rest\u00e4llningar i \u00c5bo. Hittills en publik p\u00e5 c. 4000 personer.<\/p>\n<hr \/>\n<p><strong>Konserter med Stefan Sundstr\u00f6m<\/strong><br \/>\nArtister: Stefan Sundstr\u00f6m<br \/>\nF\u00f6rest\u00e4llningar\/publik:<br \/>\n20.3 i \u00c5bo p\u00e5 \u00c5bo Svenska Teater, 21.3 i Vasa p\u00e5 Wasa Teater och 22.3 p\u00e5 Lilla Teatern i Helsingfors.<\/p>\n<hr \/>\n<p><strong>Fanfar!<\/strong><br \/>\nArtister:<br \/>\nCaroline Lillm\u00e5ns, Anders Gr\u00f6nroos och gitarristen Anders \u00d6stling<br \/>\nF\u00f6rest\u00e4llningar\/publik:<br \/>\nPremi\u00e4r i maj 2007. Under 2007 tv\u00e5 turn\u00e9er med 22 f\u00f6rest\u00e4llningar inf\u00f6r en publik p\u00e5 c. 4500 personer.<\/p>\n<hr \/>\n<p><strong>Barnens Kalasturn\u00e9 2007<\/strong><br \/>\nArtister:<br \/>\nApan Anders och Clownen Papaya, lekar, pyssel, mm<br \/>\nF\u00f6rest\u00e4llningar\/publik:<br \/>\nNio evenemang i \u00c5boland och \u00d6sterbotten med en avstickare till Sibbo.<\/p>\n<hr \/>\n<p><strong>Visfest07<\/strong><br \/>\n21.7.2007 i Sattmark, Pargas<br \/>\nArtister:<br \/>\nJack Vreeswijk och Dan-Viktor med Love Tholin, Susanne Alfvengren, Jennie Storbacka, Frans Haraldsen och Barnens Kalasturn\u00e9 &#8211; med Apan Anders &amp; Clownen Papaya.<br \/>\nF\u00f6rest\u00e4llningar\/publik: c. 450 personer<\/p>\n<hr \/>\n<p><strong>Apan Anders laulaa kahdella kielell\u00e4<\/strong><br \/>\nArtister:<br \/>\nApan Anders spr\u00e5kkonsert f\u00f6r finska barn i 5-8-\u00e5rs \u00e5ldern.<br \/>\nF\u00f6rest\u00e4llningar\/publik:<br \/>\n10 f\u00f6rest\u00e4llningar under h\u00f6sten 2007 inf\u00f6r en publik p\u00e5 c. 700 barn.<br \/>\nMera info om Apan Anders laulaa kahdella kielell\u00e4 finns h\u00e4r och Apan Anders sidor hittas <a title=\"Apan Anders\" href=\"http:\/\/www.andersgronroos.com\/apananders\/\" target=\"_blank\" rel=\"noopener\">h\u00e4r<\/a>.<\/p>\n<hr \/>\n<p><strong>Jack Vreeswijk 6.11 i Eken\u00e4s<\/strong><br \/>\nEstrad sk\u00f6tte artistf\u00f6rmedlingen n\u00e4r Jack Vreeswijk tillsammans med gitarristen Love Tholin gav en konsert i Eken\u00e4s i samband med Svenska Dagen firandet. Arrang\u00f6r: Finlands Svenska Folkting.<br \/>\nF\u00f6rest\u00e4llningar\/publik:<br \/>\nc. 400 personer.<\/p>\n","protected":false},"excerpt":{"rendered":"<p>S\u00e5ngSkoj med Apan Anders &amp; Apan Anders &#8211; S\u00e5ng &amp; H\u00e5llig\u00e5ng Artister: Apan Anders konsert f\u00f6r 1-8-\u00e5riga barn. F\u00f6rest\u00e4llningar\/publik: Apan Anders konsert, hittills \u00f6ver 1650 konserter och turn\u00e9n forts\u00e4tter. Apan &hellip; <a href=\"https:\/\/www.estrad.fi\/barnensestrad\/om-barnens-estrad\/2007-2\/\" class=\"more-link\">Forts\u00e4tt l\u00e4sa<span class=\"screen-reader-text\"> &#8221;2007&#8221;<\/span><\/a><\/p>\n","protected":false},"author":3,"featured_media":0,"parent":954,"menu_order":46,"comment_status":"open","ping_status":"closed","template":"","meta":{"editor_plus_copied_stylings":"{}","_price":"","_stock":"","_tribe_ticket_header":"","_tribe_default_ticket_provider":"","_tribe_ticket_capacity":"0","_ticket_start_date":"","_ticket_end_date":"","_tribe_ticket_show_description":"","_tribe_ticket_show_not_going":false,"_tribe_ticket_use_global_stock":"","_tribe_ticket_global_stock_level":"","_global_stock_mode":"","_global_stock_cap":"","_tribe_rsvp_for_event":"","_tribe_ticket_going_count":"","_tribe_ticket_not_going_count":"","_tribe_tickets_list":"[]","_tribe_ticket_has_attendee_info_fields":false,"footnotes":"","_tec_slr_enabled":"","_tec_slr_layout":""},"class_list":["post-159","page","type-page","status-publish","hentry"],"ticketed":false,"_links":{"self":[{"href":"https:\/\/www.estrad.fi\/barnensestrad\/wp-json\/wp\/v2\/pages\/159","targetHints":{"allow":["GET"]}}],"collection":[{"href":"https:\/\/www.estrad.fi\/barnensestrad\/wp-json\/wp\/v2\/pages"}],"about":[{"href":"https:\/\/www.estrad.fi\/barnensestrad\/wp-json\/wp\/v2\/types\/page"}],"author":[{"embeddable":true,"href":"https:\/\/www.estrad.fi\/barnensestrad\/wp-json\/wp\/v2\/users\/3"}],"replies":[{"embeddable":true,"href":"https:\/\/www.estrad.fi\/barnensestrad\/wp-json\/wp\/v2\/comments?post=159"}],"version-history":[{"count":8,"href":"https:\/\/www.estrad.fi\/barnensestrad\/wp-json\/wp\/v2\/pages\/159\/revisions"}],"predecessor-version":[{"id":8606,"href":"https:\/\/www.estrad.fi\/barnensestrad\/wp-json\/wp\/v2\/pages\/159\/revisions\/8606"}],"up":[{"embeddable":true,"href":"https:\/\/www.estrad.fi\/barnensestrad\/wp-json\/wp\/v2\/pages\/954"}],"wp:attachment":[{"href":"https:\/\/www.estrad.fi\/barnensestrad\/wp-json\/wp\/v2\/media?parent=159"}],"curies":[{"name":"wp","href":"https:\/\/api.w.org\/{rel}","templated":true}]}}