{"id":166,"date":"2005-01-01T08:15:47","date_gmt":"2005-01-01T06:15:47","guid":{"rendered":"http:\/\/kund.skargardsreklam.fi\/estrad\/barnensestrad\/?page_id=166"},"modified":"2023-10-11T11:00:59","modified_gmt":"2023-10-11T08:00:59","slug":"2005-2","status":"publish","type":"page","link":"https:\/\/www.estrad.fi\/barnensestrad\/om-barnens-estrad\/2005-2\/","title":{"rendered":"2005"},"content":{"rendered":"<p><strong>Sjung med Apan Anders<\/strong><br \/>\nArtister:<br \/>\nApan Anders konsert f\u00f6r 1-8-\u00e5riga barn.<br \/>\nF\u00f6rest\u00e4llningar\/publik:<br \/>\nFr\u00e5n h\u00f6sten 2003 till sommaren 2005, drygt 100 konserter.<br \/>\nApan Anders sidor hittas <a title=\"Apan Anders\" href=\"http:\/\/www.andersgronroos.com\/apananders\/\" target=\"_blank\" rel=\"noopener\">h\u00e4r<\/a>.<\/p>\n<hr \/>\n<p><strong>Vreeswijk och Vi<\/strong><br \/>\nArtister:<br \/>\nAnders Gr\u00f6nroos och gitarristen Andesr \u00d6stling<br \/>\nF\u00f6rest\u00e4llningar\/publik:<br \/>\n30 konserter fr\u00e5n 1.2 till 18.3.2005 inf\u00f6r en publik p\u00e5 c. 4600 personer.<\/p>\n<hr \/>\n<p><strong>Pang P\u00e5 Positivet<\/strong><br \/>\nArtister:<br \/>\nStina Liman och Anders Gr\u00f6nroos<br \/>\nF\u00f6rest\u00e4llningar\/publik:<br \/>\nSpelades under h\u00f6sten 2004 och under tv\u00e5 veckor i april 2005 inf\u00f6r en publik p\u00e5 \u00f6ver 2500 personer.<\/p>\n<hr \/>\n<p><strong>Pop &amp; Sommarsn\u00f6<\/strong><br \/>\nArtister:<br \/>\nStina Liman, Anders Gr\u00f6nroos och gitarristen Anders \u00d6stling<br \/>\nF\u00f6rest\u00e4llningar\/publik:<br \/>\n70 f\u00f6rest\u00e4llningar, \u00f6ver 13000 personer, spelades fr\u00e5n april 2005 till december 2006.<\/p>\n<hr \/>\n<p><strong>Visfest05<\/strong><br \/>\nArtister:<br \/>\nJack Vreeswijk med gitarristen Love Thulin, Billey Shamrock, Eva Pohto, Susanne Sonntag &amp; Thomas Lundin med Janne Mansikka (piano), Apan Anders.<br \/>\nF\u00f6rest\u00e4llningar\/publik:<br \/>\nc. 350 peroner.<\/p>\n<hr \/>\n<p><strong>S\u00e5ngSkoj med Apan Anders<\/strong><br \/>\nArtister:<br \/>\nApan Anders konsert f\u00f6r 1-8-\u00e5riga barn.<br \/>\nF\u00f6rest\u00e4llningar\/publik:<br \/>\nSedan premi\u00e4ren h\u00f6sten 2005 har han gjort \u00f6ver 170 konserterinf\u00f6r en publik p\u00e5 \u00f6ver 8000 personer och turn\u00e9erna forts\u00e4tter.<br \/>\nApan Anders sidor hittas <a title=\"Apan Anders\" href=\"http:\/\/www.andersgronroos.com\/apananders\/\" target=\"_blank\" rel=\"noopener\">h\u00e4r<\/a>.<\/p>\n","protected":false},"excerpt":{"rendered":"<p>Sjung med Apan Anders Artister: Apan Anders konsert f\u00f6r 1-8-\u00e5riga barn. F\u00f6rest\u00e4llningar\/publik: Fr\u00e5n h\u00f6sten 2003 till sommaren 2005, drygt 100 konserter. Apan Anders sidor hittas h\u00e4r. Vreeswijk och Vi Artister: &hellip; <a href=\"https:\/\/www.estrad.fi\/barnensestrad\/om-barnens-estrad\/2005-2\/\" class=\"more-link\">Forts\u00e4tt l\u00e4sa<span class=\"screen-reader-text\"> &#8221;2005&#8221;<\/span><\/a><\/p>\n","protected":false},"author":3,"featured_media":0,"parent":954,"menu_order":48,"comment_status":"open","ping_status":"closed","template":"","meta":{"editor_plus_copied_stylings":"{}","_price":"","_stock":"","_tribe_ticket_header":"","_tribe_default_ticket_provider":"","_tribe_ticket_capacity":"0","_ticket_start_date":"","_ticket_end_date":"","_tribe_ticket_show_description":"","_tribe_ticket_show_not_going":false,"_tribe_ticket_use_global_stock":"","_tribe_ticket_global_stock_level":"","_global_stock_mode":"","_global_stock_cap":"","_tribe_rsvp_for_event":"","_tribe_ticket_going_count":"","_tribe_ticket_not_going_count":"","_tribe_tickets_list":"[]","_tribe_ticket_has_attendee_info_fields":false,"footnotes":"","_tec_slr_enabled":"","_tec_slr_layout":""},"class_list":["post-166","page","type-page","status-publish","hentry"],"ticketed":false,"_links":{"self":[{"href":"https:\/\/www.estrad.fi\/barnensestrad\/wp-json\/wp\/v2\/pages\/166","targetHints":{"allow":["GET"]}}],"collection":[{"href":"https:\/\/www.estrad.fi\/barnensestrad\/wp-json\/wp\/v2\/pages"}],"about":[{"href":"https:\/\/www.estrad.fi\/barnensestrad\/wp-json\/wp\/v2\/types\/page"}],"author":[{"embeddable":true,"href":"https:\/\/www.estrad.fi\/barnensestrad\/wp-json\/wp\/v2\/users\/3"}],"replies":[{"embeddable":true,"href":"https:\/\/www.estrad.fi\/barnensestrad\/wp-json\/wp\/v2\/comments?post=166"}],"version-history":[{"count":7,"href":"https:\/\/www.estrad.fi\/barnensestrad\/wp-json\/wp\/v2\/pages\/166\/revisions"}],"predecessor-version":[{"id":8603,"href":"https:\/\/www.estrad.fi\/barnensestrad\/wp-json\/wp\/v2\/pages\/166\/revisions\/8603"}],"up":[{"embeddable":true,"href":"https:\/\/www.estrad.fi\/barnensestrad\/wp-json\/wp\/v2\/pages\/954"}],"wp:attachment":[{"href":"https:\/\/www.estrad.fi\/barnensestrad\/wp-json\/wp\/v2\/media?parent=166"}],"curies":[{"name":"wp","href":"https:\/\/api.w.org\/{rel}","templated":true}]}}