{"id":1762,"date":"2018-05-28T14:34:37","date_gmt":"2018-05-28T11:34:37","guid":{"rendered":"http:\/\/www.estrad.fi\/barnensestrad\/?page_id=1762"},"modified":"2026-03-16T09:06:37","modified_gmt":"2026-03-16T07:06:37","slug":"vilkor-ehdot","status":"publish","type":"page","link":"https:\/\/www.estrad.fi\/barnensestrad\/vilkor-ehdot\/","title":{"rendered":"Vilkor | Ehdot"},"content":{"rendered":"<div class=\"wp-block-columns eplus-wrapper is-layout-flex wp-container-core-columns-is-layout-9d6595d7 wp-block-columns-is-layout-flex eplus-styles-uid-cee356\">\n<div class=\"wp-block-column eplus-wrapper is-layout-flow wp-block-column-is-layout-flow\">\n<h1 class=\" wp-block-heading eplus-wrapper\">VILKOR<\/h1>\n\n\n\n<p class=\" eplus-wrapper\">AG Stage, FO-nummer 1319381-7 s\u00e4ljer tj\u00e4nster till privatpersoner i Finland. Vi f\u00f6rbeh\u00e5ller oss r\u00e4tten till \u00e4ndring av leveransvillkor och priser. I priserna ing\u00e5r merv\u00e4rdesskatt.<\/p>\n\n\n\n<p class=\" eplus-wrapper\"><strong>Best\u00e4llning<\/strong><br>F\u00f6r att best\u00e4lla produkter eller biljetter, v\u00e4lj produkter p\u00e5 hemsidan och l\u00e4gg dem i kundkorgen. Skicka best\u00e4llningen genom att betala produkterna i webbutikens kassa. Genom att l\u00e4gga din best\u00e4llning godk\u00e4nner du dessa villkor\u00a0och\u00a0priser. D\u00e5 du anger din e-postadress i best\u00e4llningen, skickar vi dig en best\u00e4llningsbekr\u00e4ftelse via e-post. Av best\u00e4llningsbekr\u00e4ftelsen framg\u00e5r produkterna som best\u00e4llts samt priset. Vid k\u00f6p av biljetter fungerar best\u00e4llningsbekr\u00e4ftelsen som intr\u00e4desbiljett<\/p>\n\n\n\n<p class=\" eplus-wrapper\"><strong>Betalning<\/strong><br>Betalningar i webbutiken f\u00f6rmedlas av\u00a0Visma Pay (Paybyway Oy, y-tunnus 2486559-4) som \u00e4r registrerat i det av Finansinspektionen \u00f6vervakade registret \u00f6ver betalningsinstitut. Du g\u00e5r till betalningen via Visma Pay\u00a0webbtj\u00e4nst och p\u00e5 ditt kontoutdrag \u00e4r betalningsmottagaren Visma Pay tai Paybyway Oy. Visma Pay f\u00f6rmedlar betalningarna till webbutiken. Betalningen \u00e4r trygg, d\u00e5 alla uppgifter om transaktionen f\u00f6rmedlas via en krypterad f\u00f6rbindelse s\u00e5 att ingen utomst\u00e5ende instans ser dem.<\/p>\n\n\n\n<p class=\" eplus-wrapper\">K\u00f6pet uppst\u00e5r mellan webbutikskunden och webbutiken. Webbutiken \u00e4r ansvarig f\u00f6r samtliga skyldigheter r\u00f6rande k\u00f6pet.<\/p>\n\n\n\n<p class=\" eplus-wrapper\">L\u00e4s mera om Visma Pay-tj\u00e4nsten: https:\/\/www.visma.fi\/vismapay\/<\/p>\n\n\n\n<p class=\" eplus-wrapper\"><strong>Betalningss\u00e4tt<br><\/strong>Via Visma Pay\u00a0kan du betala med internetbankkoder eller betalkort (credit\/debit). F\u00f6ljande betalningss\u00e4tt anv\u00e4nds: Andelsbanken, Nordea, Danske Bank, Oma S\u00e4\u00e4st\u00f6pankki, S\u00e4\u00e4st\u00f6pankki, Aktia, Paikallisosuuspankit, S-Pankki, Handelsbanken, \u00c5landsbanken, MobilePay, Masterpass, Pivo, Visa-, Visa Debit-, Visa Electron-, MasterCard- ja Debit MasterCard -kort, samt Jousto, Fellow Lasku och Fellow Yrityslasku.<\/p>\n\n\n\n<p class=\" eplus-wrapper\"><strong>Visma Pay kontaktuppgifter<\/strong><br>Visma Pay, Paybyway Oy (Y-tunnus 2486559-4)<br>E-post: helpdesk@vismapay.com<br>Telefon: 09 315 42 037 (vardagar kl. 8-16)<br>Adress: Brahenkatu 4, 53100 Lappeenranta<\/p>\n\n\n\n<p class=\" eplus-wrapper\"><strong>Returr\u00e4tt<br><\/strong>Vid k\u00f6p av biljetter g\u00e4ller ingen returr\u00e4tt d\u00e5 det \u00e4r fr\u00e5gan om fritidstj\u00e4nster som har avtalats f\u00f6r en viss tidpunkt.<br>Vid k\u00f6p av produkterna g\u00e4ller en returr\u00e4tt p\u00e5 14 dagar. Den returnerade produkten b\u00f6r vara oanv\u00e4nd och i sin ursprungliga f\u00f6rpackning. Till returen bifogas kontaktuppgifter, anledningen till returneringen av produkten samt kontonummer. Returnerade produkter b\u00f6r packas varsamt f\u00f6r att klara frakten. Produkterna returneras till adressen PB 177,\u00a020101 \u00c5bo.<br>Estrad Evenemang rf returnerar k\u00f6pesumman till ditt konto efter att produkten granskats.<\/p>\n\n\n\n<p class=\" eplus-wrapper\"><strong>Integritet<\/strong><br>AG Stage l\u00e4mnar inte \u00f6ver kundinformation till en tredje part. Vi ber endast beh\u00f6vlig kundinformation f\u00f6r leverans av best\u00e4llning. E-post och telefonnummer beh\u00f6vs f\u00f6r att kunna skicka en orderbekr\u00e4ftelse samt f\u00f6r att kunna kontakta kunden vid eventuella problemsituationer.<\/p>\n\n\n\n<p class=\" eplus-wrapper\"><strong>Informationss\u00e4kerhet<\/strong><br>All information som kunden ger p\u00e5 v\u00e5r n\u00e4ttj\u00e4nst skyddas s\u00e5v\u00e4l p\u00e5 n\u00e4tet som utanf\u00f6r det. All k\u00e4nslig information du ger skyddas med kryptering s\u00e5 att inte n\u00e5gon extern part kan ta del av den. Vi anv\u00e4nder SSL-kryptering, som \u00e4r internets mest anv\u00e4nda krypteringssystem och anv\u00e4nds bland annat av n\u00e4tbanker f\u00f6r att skydda deras data\u00f6verf\u00f6ring.<\/p>\n\n\n\n<p class=\" eplus-wrapper\">Betalning och transaktion via v\u00e5r webbutik \u00e4r s\u00e4kert eftersom kundens bank- \u00a0eller kreditkortsnummer inte \u00f6verf\u00f6rs till oss. Vi sparar dem inte heller i n\u00e5got register. P\u00e5 s\u00e5 vis kan inte kundens betalkortsuppgifter, ens vid dataintr\u00e5ngsfall, hamna i fel h\u00e4nder via v\u00e5r tj\u00e4nst.<\/p>\n\n\n\n<p class=\" eplus-wrapper\">\u00c4ven utanf\u00f6r v\u00e5r n\u00e4ttj\u00e4nst bevaras all information, som getts f\u00f6r kunna leverera best\u00e4llningen, med st\u00f6rsta m\u00f6jliga omsorg. Din givna information hanteras endast av Estrad Evenemang rf.\u00a0f\u00f6r leverans, fakturering, transport samt inom kundbetj\u00e4ning. V\u00e5r kunddatabas \u00e4r skyddad med anv\u00e4ndarspecifika anv\u00e4ndarnamn och l\u00f6senord.<\/p>\n<\/div>\n\n\n\n<div class=\"wp-block-column eplus-wrapper is-layout-flow wp-block-column-is-layout-flow\">\n<h1 class=\" wp-block-heading eplus-wrapper\">EHDOT<\/h1>\n\n\n\n<p class=\" eplus-wrapper\">AG Stage, y-tunnus 1319381-7 myy tuotteita yksityishenkil\u00f6ille Suomeen. Pid\u00e4t\u00e4mme oikeuden toimitusehtojen ja hintojen muutoksiin. Tuotteiden hinnat sis\u00e4lt\u00e4v\u00e4t arvonlis\u00e4veron.<\/p>\n\n\n\n<p class=\" eplus-wrapper\"><strong>Tilaaminen<br><\/strong>Tilattavat tuotteet tai liput valitaan kotisivuilla lis\u00e4\u00e4m\u00e4ll\u00e4 ne ostoskoriin. Tilaus l\u00e4hetet\u00e4\u00e4n maksamalla ostoskorin sis\u00e4lt\u00f6 verkkokaupan kassatoiminnossa. Tehdess\u00e4si tilauksen hyv\u00e4ksyt n\u00e4m\u00e4 ehdot ja\u00a0tuotteiden hinnat. Tilaushetkell\u00e4 annettuun s\u00e4hk\u00f6postiosoitteeseen l\u00e4hetet\u00e4\u00e4n tilausvahvistus s\u00e4hk\u00f6postitse. Tilausvahvistuksesta ilmenev\u00e4t tilatut tuotteet sek\u00e4 hinta. Tilatessa lippuja tilausvahvistus toimii p\u00e4\u00e4sylippuna.<\/p>\n\n\n\n<p class=\" eplus-wrapper\"><strong>Maksaminen<br><\/strong>Verkkokaupan maksuv\u00e4litt\u00e4j\u00e4n\u00e4 toimii\u00a0Visma Pay (Paybyway Oy, y-tunnus 2486559-4), joka on rekister\u00f6ity Finanssivalvonnan yll\u00e4pit\u00e4m\u00e4\u00e4n maksulaitosrekisteriin. Maksamiseen siirryt\u00e4\u00e4n\u00a0Visma Payn verkkopalvelun kautta ja tiliotteella ja laskulla maksun saajana n\u00e4kyy Visma Pay tai Paybyway Oy. Visma Pay v\u00e4litt\u00e4\u00e4 maksut verkkokauppiaalle. Maksaminen on turvallista, sill\u00e4 kaikki maksutapahtumaa koskevat tiedot v\u00e4litet\u00e4\u00e4n salattua yhteytt\u00e4 k\u00e4ytt\u00e4en niin ettei kukaan ulkopuolinen taho n\u00e4e maksutapahtuman tietoja.<\/p>\n\n\n\n<p class=\" eplus-wrapper\">Kauppa syntyy verkkokaupan asiakkaan ja verkkokaupan v\u00e4lille. Verkkokaupan vastuulla ovat kaikki kauppaan liittyv\u00e4t velvoitteet.<\/p>\n\n\n\n<p class=\" eplus-wrapper\">Lue lis\u00e4\u00e4 Bambora PayForm-palvelusta: https:\/\/www.visma.fi\/vismapay\/<\/p>\n\n\n\n<p class=\" eplus-wrapper\"><strong>Maksutavat<br><\/strong>Visma Pay -palvelun kautta voit maksaa verkkopankkitunnuksilla, maksukorteilla (credit\/debit), laskulla tai osamaksulla. K\u00e4ytett\u00e4viss\u00e4 ovat seuraavat maksutavat: Osuuspankki, Nordea, Danske Bank, Oma S\u00e4\u00e4st\u00f6pankki, S\u00e4\u00e4st\u00f6pankki, Aktia, Paikallisosuuspankit, S-Pankki, Handelsbanken, \u00c5landsbanken, MobilePay, Masterpass, Pivo, Visa-, Visa Debit-, Visa Electron-, MasterCard- ja Debit MasterCard -kortit, sek\u00e4 Jousto, Fellow Lasku ja Fellow Yrityslasku.<\/p>\n\n\n\n<p class=\" eplus-wrapper\"><strong>Visma Pay -maksupalvelun yhteystiedot<br><\/strong>Visma Pay, Paybyway Oy (Y-tunnus 2486559-4)<br>S\u00e4hk\u00f6posti: helpdesk@vismapay.com<br>Puhelin: 09 315 42 037 (arkisin klo 8-16)<br>Postiosoite: Brahenkatu 4, 53100 Lappeenranta<\/p>\n\n\n\n<p class=\" eplus-wrapper\"><strong>Peruuttamisoikeus<\/strong><br>Lipuilla ei ole palautusoikeuutta. Peruttamisoikeus ei koske vapaa-ajanpalvelua, joka on sovittu tietyksi ajankohdaksi.<br>Muilla tuotteilla on 14 p\u00e4iv\u00e4n palautusoikeus. Palautettavan tuotteen tulee olla k\u00e4ytt\u00e4m\u00e4t\u00f6n ja alkuper\u00e4ispakkauksessaan. Palautuksen mukaan liitet\u00e4\u00e4n yhteystiedot ja palautuksen syy sek\u00e4 tilinumero palautettavaa summaa varten. Palautus on pakattava huolella, jotta se kest\u00e4\u00e4 kuljetuksen. Tuotteet on palautettava osoitteeseen PL 177,\u00a020101 Turku.<br>Estrad Evenemang ry maksaa\u00a0ostosumman tilillesi, tarkistettuaan tuotteen.<\/p>\n\n\n\n<p class=\" eplus-wrapper\"><strong>Yksityisyys<br><\/strong>AG Stage ei luovuta asiakkailtaan saamiaan tietoja kolmansille tahoille. Pyyd\u00e4mme asiakkaitamme vain tilauksen kannalta v\u00e4ltt\u00e4m\u00e4tt\u00f6mi\u00e4 tietoja. S\u00e4hk\u00f6postiosoitteen ja puhelinnumeron tarvitsemme tilausvahvistuksen l\u00e4hett\u00e4mist\u00e4 varten sek\u00e4 yhteydenpitoon mahdollisissa ongelmatilanteissa.<\/p>\n\n\n\n<p class=\" eplus-wrapper\"><strong>Tietoturva<br><\/strong>Kaikki asiakkaan verkkopalvelussamme antama tieto suojataan niin verkossa kuin sen ulkopuolellakin. Kaikki antamasi arkaluontoinen tieto suojataan salauksella, jotta kukaan ulkopuolinen taho ei p\u00e4\u00e4se siihen k\u00e4siksi. K\u00e4yt\u00e4mme SSL-salausta, joka on internetin yleisimmin k\u00e4ytetty salausj\u00e4rjestelm\u00e4 ja jota k\u00e4ytt\u00e4v\u00e4t muun muassa verkkopankit oman tiedonsiirtonsa turvaamiseksi.<\/p>\n\n\n\n<p class=\" eplus-wrapper\">Verkkokaupassamme maksaminen ja asiointi on tietoturvallista, sill\u00e4 asiakkaan pankki- tai luottokorttinumerot eiv\u00e4t v\u00e4lity meille, emmek\u00e4 my\u00f6sk\u00e4\u00e4n s\u00e4ilyt\u00e4 niit\u00e4 rekisteriss\u00e4mme. N\u00e4in edes tietomurtotapauksessa asiakkaan maksukorttitiedot eiv\u00e4t voi v\u00e4litty\u00e4 kauttamme vieraisiin k\u00e4siin.<\/p>\n\n\n\n<p class=\" eplus-wrapper\">My\u00f6s verkkopalvelumme ulkopuolella kaikki tilauksen toimittamista varten antamasi tiedot s\u00e4ilytet\u00e4\u00e4n asiaankuuluvaa huolellisuutta noudattaen. Antamiasi tietoja k\u00e4sittelev\u00e4t vain Estrad Evenemang ry\u00a0tilauksen toimittamiseen, laskuttamiseen, kuljettamiseen sek\u00e4 asiakaspalveluun liittyviss\u00e4 teht\u00e4viss\u00e4. Asiakastietokantamme on suojattu k\u00e4ytt\u00e4j\u00e4kohtaisin k\u00e4ytt\u00e4j\u00e4tunnuksin ja salasanoin.<\/p>\n<\/div>\n<\/div>\n\n\n<figure class=\" wp-block-image size-full eplus-wrapper\"><a href=\"https:\/\/www.estrad.fi\/barnensestrad\/wp-content\/uploads\/2021\/11\/row.png\"><img loading=\"lazy\" decoding=\"async\" width=\"1321\" height=\"64\" src=\"https:\/\/www.estrad.fi\/barnensestrad\/wp-content\/uploads\/2021\/11\/row.png\" alt=\"\" class=\"wp-image-4417\" srcset=\"https:\/\/www.estrad.fi\/barnensestrad\/wp-content\/uploads\/2021\/11\/row.png 1321w, https:\/\/www.estrad.fi\/barnensestrad\/wp-content\/uploads\/2021\/11\/row-300x15.png 300w, https:\/\/www.estrad.fi\/barnensestrad\/wp-content\/uploads\/2021\/11\/row-1024x50.png 1024w, https:\/\/www.estrad.fi\/barnensestrad\/wp-content\/uploads\/2021\/11\/row-768x37.png 768w, https:\/\/www.estrad.fi\/barnensestrad\/wp-content\/uploads\/2021\/11\/row-1200x58.png 1200w, https:\/\/www.estrad.fi\/barnensestrad\/wp-content\/uploads\/2021\/11\/row-600x29.png 600w\" sizes=\"auto, (max-width: 709px) 85vw, (max-width: 909px) 67vw, (max-width: 1362px) 62vw, 840px\" \/><\/a><\/figure>\n","protected":false},"excerpt":{"rendered":"<p>VILKOR AG Stage, FO-nummer 1319381-7 s\u00e4ljer tj\u00e4nster till privatpersoner i Finland. Vi f\u00f6rbeh\u00e5ller oss r\u00e4tten till \u00e4ndring av leveransvillkor och priser. I priserna ing\u00e5r merv\u00e4rdesskatt. Best\u00e4llningF\u00f6r att best\u00e4lla produkter eller &hellip; <a href=\"https:\/\/www.estrad.fi\/barnensestrad\/vilkor-ehdot\/\" class=\"more-link\">Forts\u00e4tt l\u00e4sa<span class=\"screen-reader-text\"> &#8221;Vilkor | Ehdot&#8221;<\/span><\/a><\/p>\n","protected":false},"author":3,"featured_media":0,"parent":0,"menu_order":0,"comment_status":"closed","ping_status":"closed","template":"","meta":{"editor_plus_copied_stylings":"{}","_price":"","_stock":"","_tribe_ticket_header":"","_tribe_default_ticket_provider":"","_tribe_ticket_capacity":"0","_ticket_start_date":"","_ticket_end_date":"","_tribe_ticket_show_description":"","_tribe_ticket_show_not_going":false,"_tribe_ticket_use_global_stock":"","_tribe_ticket_global_stock_level":"","_global_stock_mode":"","_global_stock_cap":"","_tribe_rsvp_for_event":"","_tribe_ticket_going_count":"","_tribe_ticket_not_going_count":"","_tribe_tickets_list":"[]","_tribe_ticket_has_attendee_info_fields":false,"footnotes":"","_tec_slr_enabled":"","_tec_slr_layout":""},"class_list":["post-1762","page","type-page","status-publish","hentry"],"ticketed":false,"_links":{"self":[{"href":"https:\/\/www.estrad.fi\/barnensestrad\/wp-json\/wp\/v2\/pages\/1762","targetHints":{"allow":["GET"]}}],"collection":[{"href":"https:\/\/www.estrad.fi\/barnensestrad\/wp-json\/wp\/v2\/pages"}],"about":[{"href":"https:\/\/www.estrad.fi\/barnensestrad\/wp-json\/wp\/v2\/types\/page"}],"author":[{"embeddable":true,"href":"https:\/\/www.estrad.fi\/barnensestrad\/wp-json\/wp\/v2\/users\/3"}],"replies":[{"embeddable":true,"href":"https:\/\/www.estrad.fi\/barnensestrad\/wp-json\/wp\/v2\/comments?post=1762"}],"version-history":[{"count":9,"href":"https:\/\/www.estrad.fi\/barnensestrad\/wp-json\/wp\/v2\/pages\/1762\/revisions"}],"predecessor-version":[{"id":17044,"href":"https:\/\/www.estrad.fi\/barnensestrad\/wp-json\/wp\/v2\/pages\/1762\/revisions\/17044"}],"wp:attachment":[{"href":"https:\/\/www.estrad.fi\/barnensestrad\/wp-json\/wp\/v2\/media?parent=1762"}],"curies":[{"name":"wp","href":"https:\/\/api.w.org\/{rel}","templated":true}]}}