{"id":266,"date":"2012-04-16T16:08:17","date_gmt":"2012-04-16T16:08:17","guid":{"rendered":"http:\/\/kund.skargardsreklam.fi\/estrad\/barnensestrad\/?page_id=266"},"modified":"2025-03-03T19:05:11","modified_gmt":"2025-03-03T17:05:11","slug":"kontakt","status":"publish","type":"page","link":"https:\/\/www.estrad.fi\/barnensestrad\/kontakt\/","title":{"rendered":"Kontakt"},"content":{"rendered":"\n<p class=\" eplus-wrapper\">H\u00f6r g\u00e4rna av Er!<\/p>\n\n\n\n<figure class=\" wp-block-image alignleft eplus-wrapper\"><a href=\"https:\/\/www.estrad.fi\/barnensestrad\/wp-content\/uploads\/2012\/04\/PiaAnders02web.jpg\"><img loading=\"lazy\" decoding=\"async\" width=\"200\" height=\"300\" src=\"https:\/\/www.estrad.fi\/barnensestrad\/wp-content\/uploads\/2012\/04\/PiaAnders02web-200x300.jpg\" alt=\"Anders och Pia \" class=\"wp-image-1065\" srcset=\"https:\/\/www.estrad.fi\/barnensestrad\/wp-content\/uploads\/2012\/04\/PiaAnders02web-200x300.jpg 200w, https:\/\/www.estrad.fi\/barnensestrad\/wp-content\/uploads\/2012\/04\/PiaAnders02web-682x1024.jpg 682w, https:\/\/www.estrad.fi\/barnensestrad\/wp-content\/uploads\/2012\/04\/PiaAnders02web.jpg 1500w\" sizes=\"auto, (max-width: 200px) 85vw, 200px\" \/><\/a><\/figure>\n\n\n\n<p class=\" eplus-wrapper\">Anders Gr\u00f6nroos<br>Teaterchef &amp; producent &#8211; Teatterinjohtaja &amp; tuottaja<br>anders@estrad.fi <br>+358 400 531770<\/p>\n\n\n\n<p class=\" eplus-wrapper\">Pia Lind\u00e9n-Lamoureux<br>producent &#8211; tuottaja<br>pia@estrad.fi<\/p>\n\n\n\n<p class=\" eplus-wrapper\">Marica Fagerholm-\u00c5sten<br>projektproducent &#8211; projektituottaja<br>marica@estrad.fi<\/p>\n\n\n\n<p class=\" eplus-wrapper\">Bes\u00f6ksadress:<br>Hagsgatan 7, \u00c5bo<br><em>Kontor, lager, repetitionslokal.<\/em><\/p>\n\n\n\n<p class=\" eplus-wrapper\">Postadress:<br>Teater Barnens Estrad<br>PB 177<br>20101 \u00c5bo<\/p>\n\n\n\n<p class=\" eplus-wrapper\">Faktureringsinfo &#8211; Laskutusinfo:<br><a href=\"https:\/\/www.estrad.fi\/barnensestrad\/wp-content\/uploads\/2025\/03\/Big-Drama-Oy-Ab-natfakturaadress-1.pdf\" target=\"_blank\" rel=\"noreferrer noopener\">Big Drama! Oy Ab<\/a>\u00a0 &#8211; \u00a0<a href=\"https:\/\/www.estrad.fi\/barnensestrad\/wp-content\/uploads\/2025\/03\/AG-Stage-natfakturaadress-2.pdf\" target=\"_blank\" rel=\"noreferrer noopener\">AG Stage<\/a><\/p>\n","protected":false},"excerpt":{"rendered":"<p>H\u00f6r g\u00e4rna av Er! Anders Gr\u00f6nroosTeaterchef &amp; producent &#8211; Teatterinjohtaja &amp; tuottajaanders@estrad.fi +358 400 531770 Pia Lind\u00e9n-Lamoureuxproducent &#8211; tuottajapia@estrad.fi Marica Fagerholm-\u00c5stenprojektproducent &#8211; projektituottajamarica@estrad.fi Bes\u00f6ksadress:Hagsgatan 7, \u00c5boKontor, lager, repetitionslokal. Postadress:Teater Barnens &hellip; <a href=\"https:\/\/www.estrad.fi\/barnensestrad\/kontakt\/\" class=\"more-link\">Forts\u00e4tt l\u00e4sa<span class=\"screen-reader-text\"> &#8221;Kontakt&#8221;<\/span><\/a><\/p>\n","protected":false},"author":2,"featured_media":0,"parent":0,"menu_order":1,"comment_status":"open","ping_status":"closed","template":"","meta":{"editor_plus_copied_stylings":"{}","_price":"","_stock":"","_tribe_ticket_header":"","_tribe_default_ticket_provider":"","_tribe_ticket_capacity":"0","_ticket_start_date":"","_ticket_end_date":"","_tribe_ticket_show_description":"","_tribe_ticket_show_not_going":false,"_tribe_ticket_use_global_stock":"","_tribe_ticket_global_stock_level":"","_global_stock_mode":"","_global_stock_cap":"","_tribe_rsvp_for_event":"","_tribe_ticket_going_count":"","_tribe_ticket_not_going_count":"","_tribe_tickets_list":"[]","_tribe_ticket_has_attendee_info_fields":false,"footnotes":"","_tec_slr_enabled":"","_tec_slr_layout":""},"class_list":["post-266","page","type-page","status-publish","hentry"],"ticketed":false,"_links":{"self":[{"href":"https:\/\/www.estrad.fi\/barnensestrad\/wp-json\/wp\/v2\/pages\/266","targetHints":{"allow":["GET"]}}],"collection":[{"href":"https:\/\/www.estrad.fi\/barnensestrad\/wp-json\/wp\/v2\/pages"}],"about":[{"href":"https:\/\/www.estrad.fi\/barnensestrad\/wp-json\/wp\/v2\/types\/page"}],"author":[{"embeddable":true,"href":"https:\/\/www.estrad.fi\/barnensestrad\/wp-json\/wp\/v2\/users\/2"}],"replies":[{"embeddable":true,"href":"https:\/\/www.estrad.fi\/barnensestrad\/wp-json\/wp\/v2\/comments?post=266"}],"version-history":[{"count":49,"href":"https:\/\/www.estrad.fi\/barnensestrad\/wp-json\/wp\/v2\/pages\/266\/revisions"}],"predecessor-version":[{"id":13221,"href":"https:\/\/www.estrad.fi\/barnensestrad\/wp-json\/wp\/v2\/pages\/266\/revisions\/13221"}],"wp:attachment":[{"href":"https:\/\/www.estrad.fi\/barnensestrad\/wp-json\/wp\/v2\/media?parent=266"}],"curies":[{"name":"wp","href":"https:\/\/api.w.org\/{rel}","templated":true}]}}